{"id":348,"date":"2015-06-16T11:43:54","date_gmt":"2015-06-16T11:43:54","guid":{"rendered":"http:\/\/www.campingplayadeponiente.com\/nueva\/restaurante-2\/"},"modified":"2025-09-17T11:19:39","modified_gmt":"2025-09-17T11:19:39","slug":"restaurante","status":"publish","type":"page","link":"https:\/\/www.campingplayadeponiente.com\/fr\/restaurante\/","title":{"rendered":"Restaurante"},"content":{"rendered":"<p>Situado en la Costa Tropical, nuestra cocina se basa en los productos procedentes del mar y de los cultivos subtropicales de esta maravillosa zona de Granada. Le ofrecemos una cocina tradicional que permite apreciar los sabores y olores de la amplia Vega y el mar que nos rodea, elaborada de una manera aut\u00e9ntica, pero con cuidados toques. Una cocina realizada con amor y dedicaci\u00f3n, y en la que los pescados, mariscos, aguacates, chirimoyas, mangos, arroces, platos andaluces y postres t\u00edpicos tienen un gran protagonismo. Un amplio comedor con chimenea y una agradable terraza para todo el a\u00f1o, le permitir\u00e1 conocer la singular gastronom\u00eda de nuestra Costa.<\/p>\n<p>Podemos organizarle de una manera personalizada el evento familiar y profesional que usted desee: comuniones, cumplea\u00f1os, comidas de empresa.<\/p>\n<h3 style=\"text-align: center;\"><a href=\"https:\/\/www.campingplayadeponiente.com\/wp-content\/uploads\/2025\/09\/CARTA-RESTAURANTE.pdf\"><span style=\"color: #ff0000;\"><strong>VER NUESTRA CARTA<\/strong><\/span><\/a><a href=\"https:\/\/www.campingplayadeponiente.com\/wp-content\/uploads\/2025\/09\/CARTA-RESTAURANTE.pdf\" target=\"_blank\" rel=\"noopener noreferrer\" data-wp-editing=\"1\"><img loading=\"lazy\" decoding=\"async\" class=\"aligncenter wp-image-3775 size-full\" src=\"https:\/\/www.campingplayadeponiente.com\/wp-content\/uploads\/2020\/06\/icono-comida.png\" alt=\"\" width=\"219\" height=\"230\" \/><\/a><\/h3>\n\n\n<p><\/p>\n","protected":false},"excerpt":{"rendered":"<p>Situado en la Costa Tropical, nuestra cocina se basa en los productos procedentes del mar y de los cultivos subtropicales de esta maravillosa zona de Granada. Le ofrecemos una cocina tradicional que permite apreciar los sabores y olores de la amplia Vega y el mar que nos rodea, elaborada de una manera aut\u00e9ntica, pero con&#8230;  <a href=\"https:\/\/www.campingplayadeponiente.com\/fr\/restaurante\/\" class=\"more-link\" title=\"Read Restaurante\">Read more &raquo;<\/a><\/p>\n","protected":false},"author":1,"featured_media":0,"parent":0,"menu_order":0,"comment_status":"open","ping_status":"open","template":"page-restaurante.php","meta":{"footnotes":""},"class_list":["post-348","page","type-page","status-publish","hentry"],"yoast_head":"<!-- This site is optimized with the Yoast SEO plugin v27.5 - https:\/\/yoast.com\/product\/yoast-seo-wordpress\/ -->\n<title>Restaurante - Camping Playa Poniente<\/title>\n<meta name=\"robots\" content=\"index, follow, max-snippet:-1, max-image-preview:large, max-video-preview:-1\" \/>\n<link rel=\"canonical\" href=\"https:\/\/www.campingplayadeponiente.com\/fr\/restaurante\/\" \/>\n<meta property=\"og:locale\" content=\"fr_FR\" \/>\n<meta property=\"og:type\" content=\"article\" \/>\n<meta property=\"og:title\" content=\"Restaurante - Camping Playa Poniente\" \/>\n<meta property=\"og:description\" content=\"Situado en la Costa Tropical, nuestra cocina se basa en los productos procedentes del mar y de los cultivos subtropicales de esta maravillosa zona de Granada. Le ofrecemos una cocina tradicional que permite apreciar los sabores y olores de la amplia Vega y el mar que nos rodea, elaborada de una manera aut\u00e9ntica, pero con... Read more &raquo;\" \/>\n<meta property=\"og:url\" content=\"https:\/\/www.campingplayadeponiente.com\/fr\/restaurante\/\" \/>\n<meta property=\"og:site_name\" content=\"Camping Playa Poniente\" \/>\n<meta property=\"article:modified_time\" content=\"2025-09-17T11:19:39+00:00\" \/>\n<meta property=\"og:image\" content=\"https:\/\/www.campingplayadeponiente.com\/wp-content\/uploads\/2020\/06\/icono-comida.png\" \/>\n\t<meta property=\"og:image:width\" content=\"219\" \/>\n\t<meta property=\"og:image:height\" content=\"230\" \/>\n\t<meta property=\"og:image:type\" content=\"image\/png\" \/>\n<meta name=\"twitter:card\" content=\"summary_large_image\" \/>\n<meta name=\"twitter:label1\" content=\"Dur\u00e9e de lecture estim\u00e9e\" \/>\n\t<meta name=\"twitter:data1\" content=\"1 minute\" \/>\n<script type=\"application\/ld+json\" class=\"yoast-schema-graph\">{\"@context\":\"https:\\\/\\\/schema.org\",\"@graph\":[{\"@type\":\"WebPage\",\"@id\":\"https:\\\/\\\/www.campingplayadeponiente.com\\\/fr\\\/restaurante\\\/\",\"url\":\"https:\\\/\\\/www.campingplayadeponiente.com\\\/fr\\\/restaurante\\\/\",\"name\":\"Restaurante - Camping Playa Poniente\",\"isPartOf\":{\"@id\":\"https:\\\/\\\/www.campingplayadeponiente.com\\\/#website\"},\"primaryImageOfPage\":{\"@id\":\"https:\\\/\\\/www.campingplayadeponiente.com\\\/fr\\\/restaurante\\\/#primaryimage\"},\"image\":{\"@id\":\"https:\\\/\\\/www.campingplayadeponiente.com\\\/fr\\\/restaurante\\\/#primaryimage\"},\"thumbnailUrl\":\"https:\\\/\\\/www.campingplayadeponiente.com\\\/wp-content\\\/uploads\\\/2020\\\/06\\\/icono-comida.png\",\"datePublished\":\"2015-06-16T11:43:54+00:00\",\"dateModified\":\"2025-09-17T11:19:39+00:00\",\"breadcrumb\":{\"@id\":\"https:\\\/\\\/www.campingplayadeponiente.com\\\/fr\\\/restaurante\\\/#breadcrumb\"},\"inLanguage\":\"fr-FR\",\"potentialAction\":[{\"@type\":\"ReadAction\",\"target\":[\"https:\\\/\\\/www.campingplayadeponiente.com\\\/fr\\\/restaurante\\\/\"]}]},{\"@type\":\"ImageObject\",\"inLanguage\":\"fr-FR\",\"@id\":\"https:\\\/\\\/www.campingplayadeponiente.com\\\/fr\\\/restaurante\\\/#primaryimage\",\"url\":\"https:\\\/\\\/www.campingplayadeponiente.com\\\/wp-content\\\/uploads\\\/2020\\\/06\\\/icono-comida.png\",\"contentUrl\":\"https:\\\/\\\/www.campingplayadeponiente.com\\\/wp-content\\\/uploads\\\/2020\\\/06\\\/icono-comida.png\"},{\"@type\":\"BreadcrumbList\",\"@id\":\"https:\\\/\\\/www.campingplayadeponiente.com\\\/fr\\\/restaurante\\\/#breadcrumb\",\"itemListElement\":[{\"@type\":\"ListItem\",\"position\":1,\"name\":\"Portada\",\"item\":\"https:\\\/\\\/www.campingplayadeponiente.com\\\/\"},{\"@type\":\"ListItem\",\"position\":2,\"name\":\"Restaurante\"}]},{\"@type\":\"WebSite\",\"@id\":\"https:\\\/\\\/www.campingplayadeponiente.com\\\/#website\",\"url\":\"https:\\\/\\\/www.campingplayadeponiente.com\\\/\",\"name\":\"Camping Playa Poniente\",\"description\":\"El camping Playa de Poniente se encuentra situado en la playa del mismo nombre, a 2 Kms del centro de Motril, centro neur\u00e1lgico de la &quot;Costa Tropical&quot;, disfrutando todo el a\u00f1o de un microclima envidiable que permite la practica de infinidad de actividades y deportes al aire libre, siendo popular por las innumerables rutas abrazadas por un entorno que har\u00e1n proponerse siempre una nueva experiencia. Su cercan\u00eda a Granada permite, tambi\u00e9n, alternar la naturaleza con nuestra historia, viendo multitud de vestigios culturales que, nos dejaran siempre una hermosa huella de nuestro pasado acompa\u00f1ados, por la comarca de &quot;La Alpujarra&quot; t\u00edpica por su entorno rustico y tradicional. Adem\u00e1s podr\u00e1s deleitarte con un sinf\u00edn de platos t\u00edpicos Mediterr\u00e1neos que har\u00e1n las delicias de tu estancia Cualquiera que sea tu afici\u00f3n, tenemos una propuesta que hacerte.  Desc\u00fabrenos\",\"potentialAction\":[{\"@type\":\"SearchAction\",\"target\":{\"@type\":\"EntryPoint\",\"urlTemplate\":\"https:\\\/\\\/www.campingplayadeponiente.com\\\/?s={search_term_string}\"},\"query-input\":{\"@type\":\"PropertyValueSpecification\",\"valueRequired\":true,\"valueName\":\"search_term_string\"}}],\"inLanguage\":\"fr-FR\"}]}<\/script>\n<!-- \/ Yoast SEO plugin. -->","yoast_head_json":{"title":"Restaurante - Camping Playa Poniente","robots":{"index":"index","follow":"follow","max-snippet":"max-snippet:-1","max-image-preview":"max-image-preview:large","max-video-preview":"max-video-preview:-1"},"canonical":"https:\/\/www.campingplayadeponiente.com\/fr\/restaurante\/","og_locale":"fr_FR","og_type":"article","og_title":"Restaurante - Camping Playa Poniente","og_description":"Situado en la Costa Tropical, nuestra cocina se basa en los productos procedentes del mar y de los cultivos subtropicales de esta maravillosa zona de Granada. Le ofrecemos una cocina tradicional que permite apreciar los sabores y olores de la amplia Vega y el mar que nos rodea, elaborada de una manera aut\u00e9ntica, pero con... Read more &raquo;","og_url":"https:\/\/www.campingplayadeponiente.com\/fr\/restaurante\/","og_site_name":"Camping Playa Poniente","article_modified_time":"2025-09-17T11:19:39+00:00","og_image":[{"width":219,"height":230,"url":"https:\/\/www.campingplayadeponiente.com\/wp-content\/uploads\/2020\/06\/icono-comida.png","type":"image\/png"}],"twitter_card":"summary_large_image","twitter_misc":{"Dur\u00e9e de lecture estim\u00e9e":"1 minute"},"schema":{"@context":"https:\/\/schema.org","@graph":[{"@type":"WebPage","@id":"https:\/\/www.campingplayadeponiente.com\/fr\/restaurante\/","url":"https:\/\/www.campingplayadeponiente.com\/fr\/restaurante\/","name":"Restaurante - Camping Playa Poniente","isPartOf":{"@id":"https:\/\/www.campingplayadeponiente.com\/#website"},"primaryImageOfPage":{"@id":"https:\/\/www.campingplayadeponiente.com\/fr\/restaurante\/#primaryimage"},"image":{"@id":"https:\/\/www.campingplayadeponiente.com\/fr\/restaurante\/#primaryimage"},"thumbnailUrl":"https:\/\/www.campingplayadeponiente.com\/wp-content\/uploads\/2020\/06\/icono-comida.png","datePublished":"2015-06-16T11:43:54+00:00","dateModified":"2025-09-17T11:19:39+00:00","breadcrumb":{"@id":"https:\/\/www.campingplayadeponiente.com\/fr\/restaurante\/#breadcrumb"},"inLanguage":"fr-FR","potentialAction":[{"@type":"ReadAction","target":["https:\/\/www.campingplayadeponiente.com\/fr\/restaurante\/"]}]},{"@type":"ImageObject","inLanguage":"fr-FR","@id":"https:\/\/www.campingplayadeponiente.com\/fr\/restaurante\/#primaryimage","url":"https:\/\/www.campingplayadeponiente.com\/wp-content\/uploads\/2020\/06\/icono-comida.png","contentUrl":"https:\/\/www.campingplayadeponiente.com\/wp-content\/uploads\/2020\/06\/icono-comida.png"},{"@type":"BreadcrumbList","@id":"https:\/\/www.campingplayadeponiente.com\/fr\/restaurante\/#breadcrumb","itemListElement":[{"@type":"ListItem","position":1,"name":"Portada","item":"https:\/\/www.campingplayadeponiente.com\/"},{"@type":"ListItem","position":2,"name":"Restaurante"}]},{"@type":"WebSite","@id":"https:\/\/www.campingplayadeponiente.com\/#website","url":"https:\/\/www.campingplayadeponiente.com\/","name":"Camping Playa Poniente","description":"El camping Playa de Poniente se encuentra situado en la playa del mismo nombre, a 2 Kms del centro de Motril, centro neur\u00e1lgico de la &quot;Costa Tropical&quot;, disfrutando todo el a\u00f1o de un microclima envidiable que permite la practica de infinidad de actividades y deportes al aire libre, siendo popular por las innumerables rutas abrazadas por un entorno que har\u00e1n proponerse siempre una nueva experiencia. Su cercan\u00eda a Granada permite, tambi\u00e9n, alternar la naturaleza con nuestra historia, viendo multitud de vestigios culturales que, nos dejaran siempre una hermosa huella de nuestro pasado acompa\u00f1ados, por la comarca de &quot;La Alpujarra&quot; t\u00edpica por su entorno rustico y tradicional. Adem\u00e1s podr\u00e1s deleitarte con un sinf\u00edn de platos t\u00edpicos Mediterr\u00e1neos que har\u00e1n las delicias de tu estancia Cualquiera que sea tu afici\u00f3n, tenemos una propuesta que hacerte.  Desc\u00fabrenos","potentialAction":[{"@type":"SearchAction","target":{"@type":"EntryPoint","urlTemplate":"https:\/\/www.campingplayadeponiente.com\/?s={search_term_string}"},"query-input":{"@type":"PropertyValueSpecification","valueRequired":true,"valueName":"search_term_string"}}],"inLanguage":"fr-FR"}]}},"_links":{"self":[{"href":"https:\/\/www.campingplayadeponiente.com\/fr\/wp-json\/wp\/v2\/pages\/348","targetHints":{"allow":["GET"]}}],"collection":[{"href":"https:\/\/www.campingplayadeponiente.com\/fr\/wp-json\/wp\/v2\/pages"}],"about":[{"href":"https:\/\/www.campingplayadeponiente.com\/fr\/wp-json\/wp\/v2\/types\/page"}],"author":[{"embeddable":true,"href":"https:\/\/www.campingplayadeponiente.com\/fr\/wp-json\/wp\/v2\/users\/1"}],"replies":[{"embeddable":true,"href":"https:\/\/www.campingplayadeponiente.com\/fr\/wp-json\/wp\/v2\/comments?post=348"}],"version-history":[{"count":21,"href":"https:\/\/www.campingplayadeponiente.com\/fr\/wp-json\/wp\/v2\/pages\/348\/revisions"}],"predecessor-version":[{"id":4569,"href":"https:\/\/www.campingplayadeponiente.com\/fr\/wp-json\/wp\/v2\/pages\/348\/revisions\/4569"}],"wp:attachment":[{"href":"https:\/\/www.campingplayadeponiente.com\/fr\/wp-json\/wp\/v2\/media?parent=348"}],"curies":[{"name":"wp","href":"https:\/\/api.w.org\/{rel}","templated":true}]}}