{"id":341,"date":"2015-06-16T12:10:57","date_gmt":"2015-06-16T12:10:57","guid":{"rendered":"http:\/\/www.campingplayadeponiente.com\/nueva\/ofertas-2\/"},"modified":"2015-06-16T12:10:57","modified_gmt":"2015-06-16T12:10:57","slug":"ofertas","status":"publish","type":"page","link":"https:\/\/www.campingplayadeponiente.com\/fr\/ofertas\/","title":{"rendered":"Ofertas"},"content":{"rendered":"","protected":false},"excerpt":{"rendered":"","protected":false},"author":1,"featured_media":0,"parent":0,"menu_order":0,"comment_status":"open","ping_status":"open","template":"page-ofertas.php","meta":{"footnotes":""},"class_list":["post-341","page","type-page","status-publish","hentry"],"yoast_head":"<!-- This site is optimized with the Yoast SEO plugin v27.4 - https:\/\/yoast.com\/product\/yoast-seo-wordpress\/ -->\n<title>Ofertas - Camping Playa Poniente<\/title>\n<meta name=\"robots\" content=\"index, follow, max-snippet:-1, max-image-preview:large, max-video-preview:-1\" \/>\n<link rel=\"canonical\" href=\"https:\/\/www.campingplayadeponiente.com\/fr\/ofertas\/\" \/>\n<meta property=\"og:locale\" content=\"fr_FR\" \/>\n<meta property=\"og:type\" content=\"article\" \/>\n<meta property=\"og:title\" content=\"Ofertas - Camping Playa Poniente\" \/>\n<meta property=\"og:url\" content=\"https:\/\/www.campingplayadeponiente.com\/fr\/ofertas\/\" \/>\n<meta property=\"og:site_name\" content=\"Camping Playa Poniente\" \/>\n<meta name=\"twitter:card\" content=\"summary_large_image\" \/>\n<script type=\"application\/ld+json\" class=\"yoast-schema-graph\">{\"@context\":\"https:\\\/\\\/schema.org\",\"@graph\":[{\"@type\":\"WebPage\",\"@id\":\"https:\\\/\\\/www.campingplayadeponiente.com\\\/fr\\\/ofertas\\\/\",\"url\":\"https:\\\/\\\/www.campingplayadeponiente.com\\\/fr\\\/ofertas\\\/\",\"name\":\"Ofertas - Camping Playa Poniente\",\"isPartOf\":{\"@id\":\"https:\\\/\\\/www.campingplayadeponiente.com\\\/#website\"},\"datePublished\":\"2015-06-16T12:10:57+00:00\",\"breadcrumb\":{\"@id\":\"https:\\\/\\\/www.campingplayadeponiente.com\\\/fr\\\/ofertas\\\/#breadcrumb\"},\"inLanguage\":\"fr-FR\",\"potentialAction\":[{\"@type\":\"ReadAction\",\"target\":[\"https:\\\/\\\/www.campingplayadeponiente.com\\\/fr\\\/ofertas\\\/\"]}]},{\"@type\":\"BreadcrumbList\",\"@id\":\"https:\\\/\\\/www.campingplayadeponiente.com\\\/fr\\\/ofertas\\\/#breadcrumb\",\"itemListElement\":[{\"@type\":\"ListItem\",\"position\":1,\"name\":\"Portada\",\"item\":\"https:\\\/\\\/www.campingplayadeponiente.com\\\/\"},{\"@type\":\"ListItem\",\"position\":2,\"name\":\"Ofertas\"}]},{\"@type\":\"WebSite\",\"@id\":\"https:\\\/\\\/www.campingplayadeponiente.com\\\/#website\",\"url\":\"https:\\\/\\\/www.campingplayadeponiente.com\\\/\",\"name\":\"Camping Playa Poniente\",\"description\":\"El camping Playa de Poniente se encuentra situado en la playa del mismo nombre, a 2 Kms del centro de Motril, centro neur\u00e1lgico de la &quot;Costa Tropical&quot;, disfrutando todo el a\u00f1o de un microclima envidiable que permite la practica de infinidad de actividades y deportes al aire libre, siendo popular por las innumerables rutas abrazadas por un entorno que har\u00e1n proponerse siempre una nueva experiencia. Su cercan\u00eda a Granada permite, tambi\u00e9n, alternar la naturaleza con nuestra historia, viendo multitud de vestigios culturales que, nos dejaran siempre una hermosa huella de nuestro pasado acompa\u00f1ados, por la comarca de &quot;La Alpujarra&quot; t\u00edpica por su entorno rustico y tradicional. Adem\u00e1s podr\u00e1s deleitarte con un sinf\u00edn de platos t\u00edpicos Mediterr\u00e1neos que har\u00e1n las delicias de tu estancia Cualquiera que sea tu afici\u00f3n, tenemos una propuesta que hacerte.  Desc\u00fabrenos\",\"potentialAction\":[{\"@type\":\"SearchAction\",\"target\":{\"@type\":\"EntryPoint\",\"urlTemplate\":\"https:\\\/\\\/www.campingplayadeponiente.com\\\/?s={search_term_string}\"},\"query-input\":{\"@type\":\"PropertyValueSpecification\",\"valueRequired\":true,\"valueName\":\"search_term_string\"}}],\"inLanguage\":\"fr-FR\"}]}<\/script>\n<!-- \/ Yoast SEO plugin. -->","yoast_head_json":{"title":"Ofertas - Camping Playa Poniente","robots":{"index":"index","follow":"follow","max-snippet":"max-snippet:-1","max-image-preview":"max-image-preview:large","max-video-preview":"max-video-preview:-1"},"canonical":"https:\/\/www.campingplayadeponiente.com\/fr\/ofertas\/","og_locale":"fr_FR","og_type":"article","og_title":"Ofertas - Camping Playa Poniente","og_url":"https:\/\/www.campingplayadeponiente.com\/fr\/ofertas\/","og_site_name":"Camping Playa Poniente","twitter_card":"summary_large_image","schema":{"@context":"https:\/\/schema.org","@graph":[{"@type":"WebPage","@id":"https:\/\/www.campingplayadeponiente.com\/fr\/ofertas\/","url":"https:\/\/www.campingplayadeponiente.com\/fr\/ofertas\/","name":"Ofertas - Camping Playa Poniente","isPartOf":{"@id":"https:\/\/www.campingplayadeponiente.com\/#website"},"datePublished":"2015-06-16T12:10:57+00:00","breadcrumb":{"@id":"https:\/\/www.campingplayadeponiente.com\/fr\/ofertas\/#breadcrumb"},"inLanguage":"fr-FR","potentialAction":[{"@type":"ReadAction","target":["https:\/\/www.campingplayadeponiente.com\/fr\/ofertas\/"]}]},{"@type":"BreadcrumbList","@id":"https:\/\/www.campingplayadeponiente.com\/fr\/ofertas\/#breadcrumb","itemListElement":[{"@type":"ListItem","position":1,"name":"Portada","item":"https:\/\/www.campingplayadeponiente.com\/"},{"@type":"ListItem","position":2,"name":"Ofertas"}]},{"@type":"WebSite","@id":"https:\/\/www.campingplayadeponiente.com\/#website","url":"https:\/\/www.campingplayadeponiente.com\/","name":"Camping Playa Poniente","description":"El camping Playa de Poniente se encuentra situado en la playa del mismo nombre, a 2 Kms del centro de Motril, centro neur\u00e1lgico de la &quot;Costa Tropical&quot;, disfrutando todo el a\u00f1o de un microclima envidiable que permite la practica de infinidad de actividades y deportes al aire libre, siendo popular por las innumerables rutas abrazadas por un entorno que har\u00e1n proponerse siempre una nueva experiencia. Su cercan\u00eda a Granada permite, tambi\u00e9n, alternar la naturaleza con nuestra historia, viendo multitud de vestigios culturales que, nos dejaran siempre una hermosa huella de nuestro pasado acompa\u00f1ados, por la comarca de &quot;La Alpujarra&quot; t\u00edpica por su entorno rustico y tradicional. Adem\u00e1s podr\u00e1s deleitarte con un sinf\u00edn de platos t\u00edpicos Mediterr\u00e1neos que har\u00e1n las delicias de tu estancia Cualquiera que sea tu afici\u00f3n, tenemos una propuesta que hacerte.  Desc\u00fabrenos","potentialAction":[{"@type":"SearchAction","target":{"@type":"EntryPoint","urlTemplate":"https:\/\/www.campingplayadeponiente.com\/?s={search_term_string}"},"query-input":{"@type":"PropertyValueSpecification","valueRequired":true,"valueName":"search_term_string"}}],"inLanguage":"fr-FR"}]}},"_links":{"self":[{"href":"https:\/\/www.campingplayadeponiente.com\/fr\/wp-json\/wp\/v2\/pages\/341","targetHints":{"allow":["GET"]}}],"collection":[{"href":"https:\/\/www.campingplayadeponiente.com\/fr\/wp-json\/wp\/v2\/pages"}],"about":[{"href":"https:\/\/www.campingplayadeponiente.com\/fr\/wp-json\/wp\/v2\/types\/page"}],"author":[{"embeddable":true,"href":"https:\/\/www.campingplayadeponiente.com\/fr\/wp-json\/wp\/v2\/users\/1"}],"replies":[{"embeddable":true,"href":"https:\/\/www.campingplayadeponiente.com\/fr\/wp-json\/wp\/v2\/comments?post=341"}],"version-history":[{"count":0,"href":"https:\/\/www.campingplayadeponiente.com\/fr\/wp-json\/wp\/v2\/pages\/341\/revisions"}],"wp:attachment":[{"href":"https:\/\/www.campingplayadeponiente.com\/fr\/wp-json\/wp\/v2\/media?parent=341"}],"curies":[{"name":"wp","href":"https:\/\/api.w.org\/{rel}","templated":true}]}}