{"id":331,"date":"2015-06-16T11:50:17","date_gmt":"2015-06-16T11:50:17","guid":{"rendered":"http:\/\/www.campingplayadeponiente.com\/nueva\/contacto-2\/"},"modified":"2015-09-09T10:25:22","modified_gmt":"2015-09-09T10:25:22","slug":"contacto","status":"publish","type":"page","link":"https:\/\/www.campingplayadeponiente.com\/fr\/contacto\/","title":{"rendered":"Contac"},"content":{"rendered":"\n<div class=\"wpcf7 no-js\" id=\"wpcf7-f645-o1\" lang=\"es-ES\" dir=\"ltr\" data-wpcf7-id=\"645\">\n<div class=\"screen-reader-response\"><p role=\"status\" aria-live=\"polite\" aria-atomic=\"true\"><\/p> <ul><\/ul><\/div>\n<form action=\"\/fr\/wp-json\/wp\/v2\/pages\/331#wpcf7-f645-o1\" method=\"post\" class=\"wpcf7-form init\" aria-label=\"Formulario de contacto\" novalidate=\"novalidate\" data-status=\"init\">\n<fieldset class=\"hidden-fields-container\"><input type=\"hidden\" name=\"_wpcf7\" value=\"645\" \/><input type=\"hidden\" name=\"_wpcf7_version\" value=\"6.1.5\" \/><input type=\"hidden\" name=\"_wpcf7_locale\" value=\"es_ES\" \/><input type=\"hidden\" name=\"_wpcf7_unit_tag\" value=\"wpcf7-f645-o1\" \/><input type=\"hidden\" name=\"_wpcf7_container_post\" value=\"0\" \/><input type=\"hidden\" name=\"_wpcf7_posted_data_hash\" value=\"\" \/><input type=\"hidden\" name=\"_wpcf7_recaptcha_response\" value=\"\" \/>\n<\/fieldset>\n<div class=\"col-md-6\">\n\t<p><span class=\"wpcf7-form-control-wrap\" data-name=\"your-name\"><input size=\"40\" maxlength=\"400\" class=\"wpcf7-form-control wpcf7-text wpcf7-validates-as-required\" aria-required=\"true\" aria-invalid=\"false\" placeholder=\"Prenom\" value=\"\" type=\"text\" name=\"your-name\" \/><\/span><span class=\"required-field\">*<\/span>\n\t<\/p>\n<\/div>\n<div class=\"col-md-6\">\n\t<p><span class=\"wpcf7-form-control-wrap\" data-name=\"your-email\"><input size=\"40\" maxlength=\"400\" class=\"wpcf7-form-control wpcf7-email wpcf7-validates-as-required wpcf7-text wpcf7-validates-as-email\" aria-required=\"true\" aria-invalid=\"false\" placeholder=\"E-mail\" value=\"\" type=\"email\" name=\"your-email\" \/><\/span><span class=\"required-field\">*<\/span>\n\t<\/p>\n<\/div>\n<div class=\"col-md-12\">\n\t<p><span class=\"wpcf7-form-control-wrap\" data-name=\"your-subject\"><input size=\"40\" maxlength=\"400\" class=\"wpcf7-form-control wpcf7-text\" aria-invalid=\"false\" placeholder=\"Sujet\" value=\"\" type=\"text\" name=\"your-subject\" \/><\/span>\n\t<\/p>\n<\/div>\n<div class=\"col-md-12\">\n\t<p><span class=\"wpcf7-form-control-wrap\" data-name=\"your-message\"><textarea cols=\"40\" rows=\"10\" maxlength=\"2000\" class=\"wpcf7-form-control wpcf7-textarea\" aria-invalid=\"false\" placeholder=\"\u00c9crivez vos commentaires\u2026\" name=\"your-message\"><\/textarea><\/span>\n\t<\/p>\n<\/div>\n<div class=\"col-md-12 texto-legal\">\n\t<div class=\"col-md-8\">\n\t\t<p><label><span class=\"wpcf7-form-control-wrap\" data-name=\"politica\"><span class=\"wpcf7-form-control wpcf7-acceptance\"><span class=\"wpcf7-list-item\"><input type=\"checkbox\" name=\"politica\" value=\"1\" aria-invalid=\"false\" \/><\/span><\/span><\/span> <a onClick=\"window.open(this.href, this.target, 'width=400,height=720, scrollbars=1 '); return false;\" target=\"_blank\" href=\"http:\/\/www.campingplayadeponiente.com\/nueva\/aviso-legal\/\"> J\u00b4ai lu et j\u00b4acepte la politique de privacit\u00e9 <\/a><\/label><span class=\"wpcf7-form-control-wrap\" data-name=\"radio-promo\"><span class=\"wpcf7-form-control wpcf7-radio\"><span class=\"wpcf7-list-item first\"><label><input type=\"radio\" name=\"radio-promo\" value=\"I want to receive promotional communications.\" \/><span class=\"wpcf7-list-item-label\">I want to receive promotional communications.<\/span><\/label><\/span><span class=\"wpcf7-list-item last\"><label><input type=\"radio\" name=\"radio-promo\" value=\"I dont want to receive promotional communications.\" \/><span class=\"wpcf7-list-item-label\">I dont want to receive promotional communications.<\/span><\/label><\/span><\/span><\/span>\n\t\t<\/p>\n\t<\/div>\n\t<div class=\"col-md-4\">\n\t\t<p><input class=\"wpcf7-form-control wpcf7-submit has-spinner\" type=\"submit\" value=\"envoyer\" \/>\n\t\t<\/p>\n\t<\/div>\n<\/div><p style=\"display: none !important;\" class=\"akismet-fields-container\" data-prefix=\"_wpcf7_ak_\"><label>&#916;<textarea name=\"_wpcf7_ak_hp_textarea\" cols=\"45\" rows=\"8\" maxlength=\"100\"><\/textarea><\/label><input type=\"hidden\" id=\"ak_js_1\" name=\"_wpcf7_ak_js\" value=\"12\"\/><script>document.getElementById( \"ak_js_1\" ).setAttribute( \"value\", ( new Date() ).getTime() );<\/script><\/p><div class=\"wpcf7-response-output\" aria-hidden=\"true\"><\/div>\n<\/form>\n<\/div>\n\n","protected":false},"excerpt":{"rendered":"","protected":false},"author":1,"featured_media":0,"parent":0,"menu_order":0,"comment_status":"open","ping_status":"open","template":"page-contacto.php","meta":{"footnotes":""},"class_list":["post-331","page","type-page","status-publish","hentry"],"yoast_head":"<!-- This site is optimized with the Yoast SEO plugin v27.4 - https:\/\/yoast.com\/product\/yoast-seo-wordpress\/ -->\n<title>Contac - Camping Playa Poniente<\/title>\n<meta name=\"robots\" content=\"index, follow, max-snippet:-1, max-image-preview:large, max-video-preview:-1\" \/>\n<link rel=\"canonical\" href=\"https:\/\/www.campingplayadeponiente.com\/fr\/contacto\/\" \/>\n<meta property=\"og:locale\" content=\"fr_FR\" \/>\n<meta property=\"og:type\" content=\"article\" \/>\n<meta property=\"og:title\" content=\"Contac - Camping Playa Poniente\" \/>\n<meta property=\"og:url\" content=\"https:\/\/www.campingplayadeponiente.com\/fr\/contacto\/\" \/>\n<meta property=\"og:site_name\" content=\"Camping Playa Poniente\" \/>\n<meta property=\"article:modified_time\" content=\"2015-09-09T10:25:22+00:00\" \/>\n<meta name=\"twitter:card\" content=\"summary_large_image\" \/>\n<script type=\"application\/ld+json\" class=\"yoast-schema-graph\">{\"@context\":\"https:\\\/\\\/schema.org\",\"@graph\":[{\"@type\":\"WebPage\",\"@id\":\"https:\\\/\\\/www.campingplayadeponiente.com\\\/fr\\\/contacto\\\/\",\"url\":\"https:\\\/\\\/www.campingplayadeponiente.com\\\/fr\\\/contacto\\\/\",\"name\":\"Contac - Camping Playa Poniente\",\"isPartOf\":{\"@id\":\"https:\\\/\\\/www.campingplayadeponiente.com\\\/#website\"},\"datePublished\":\"2015-06-16T11:50:17+00:00\",\"dateModified\":\"2015-09-09T10:25:22+00:00\",\"breadcrumb\":{\"@id\":\"https:\\\/\\\/www.campingplayadeponiente.com\\\/fr\\\/contacto\\\/#breadcrumb\"},\"inLanguage\":\"fr-FR\",\"potentialAction\":[{\"@type\":\"ReadAction\",\"target\":[\"https:\\\/\\\/www.campingplayadeponiente.com\\\/fr\\\/contacto\\\/\"]}]},{\"@type\":\"BreadcrumbList\",\"@id\":\"https:\\\/\\\/www.campingplayadeponiente.com\\\/fr\\\/contacto\\\/#breadcrumb\",\"itemListElement\":[{\"@type\":\"ListItem\",\"position\":1,\"name\":\"Portada\",\"item\":\"https:\\\/\\\/www.campingplayadeponiente.com\\\/\"},{\"@type\":\"ListItem\",\"position\":2,\"name\":\"Contac\"}]},{\"@type\":\"WebSite\",\"@id\":\"https:\\\/\\\/www.campingplayadeponiente.com\\\/#website\",\"url\":\"https:\\\/\\\/www.campingplayadeponiente.com\\\/\",\"name\":\"Camping Playa Poniente\",\"description\":\"El camping Playa de Poniente se encuentra situado en la playa del mismo nombre, a 2 Kms del centro de Motril, centro neur\u00e1lgico de la &quot;Costa Tropical&quot;, disfrutando todo el a\u00f1o de un microclima envidiable que permite la practica de infinidad de actividades y deportes al aire libre, siendo popular por las innumerables rutas abrazadas por un entorno que har\u00e1n proponerse siempre una nueva experiencia. Su cercan\u00eda a Granada permite, tambi\u00e9n, alternar la naturaleza con nuestra historia, viendo multitud de vestigios culturales que, nos dejaran siempre una hermosa huella de nuestro pasado acompa\u00f1ados, por la comarca de &quot;La Alpujarra&quot; t\u00edpica por su entorno rustico y tradicional. Adem\u00e1s podr\u00e1s deleitarte con un sinf\u00edn de platos t\u00edpicos Mediterr\u00e1neos que har\u00e1n las delicias de tu estancia Cualquiera que sea tu afici\u00f3n, tenemos una propuesta que hacerte.  Desc\u00fabrenos\",\"potentialAction\":[{\"@type\":\"SearchAction\",\"target\":{\"@type\":\"EntryPoint\",\"urlTemplate\":\"https:\\\/\\\/www.campingplayadeponiente.com\\\/?s={search_term_string}\"},\"query-input\":{\"@type\":\"PropertyValueSpecification\",\"valueRequired\":true,\"valueName\":\"search_term_string\"}}],\"inLanguage\":\"fr-FR\"}]}<\/script>\n<!-- \/ Yoast SEO plugin. -->","yoast_head_json":{"title":"Contac - Camping Playa Poniente","robots":{"index":"index","follow":"follow","max-snippet":"max-snippet:-1","max-image-preview":"max-image-preview:large","max-video-preview":"max-video-preview:-1"},"canonical":"https:\/\/www.campingplayadeponiente.com\/fr\/contacto\/","og_locale":"fr_FR","og_type":"article","og_title":"Contac - Camping Playa Poniente","og_url":"https:\/\/www.campingplayadeponiente.com\/fr\/contacto\/","og_site_name":"Camping Playa Poniente","article_modified_time":"2015-09-09T10:25:22+00:00","twitter_card":"summary_large_image","schema":{"@context":"https:\/\/schema.org","@graph":[{"@type":"WebPage","@id":"https:\/\/www.campingplayadeponiente.com\/fr\/contacto\/","url":"https:\/\/www.campingplayadeponiente.com\/fr\/contacto\/","name":"Contac - Camping Playa Poniente","isPartOf":{"@id":"https:\/\/www.campingplayadeponiente.com\/#website"},"datePublished":"2015-06-16T11:50:17+00:00","dateModified":"2015-09-09T10:25:22+00:00","breadcrumb":{"@id":"https:\/\/www.campingplayadeponiente.com\/fr\/contacto\/#breadcrumb"},"inLanguage":"fr-FR","potentialAction":[{"@type":"ReadAction","target":["https:\/\/www.campingplayadeponiente.com\/fr\/contacto\/"]}]},{"@type":"BreadcrumbList","@id":"https:\/\/www.campingplayadeponiente.com\/fr\/contacto\/#breadcrumb","itemListElement":[{"@type":"ListItem","position":1,"name":"Portada","item":"https:\/\/www.campingplayadeponiente.com\/"},{"@type":"ListItem","position":2,"name":"Contac"}]},{"@type":"WebSite","@id":"https:\/\/www.campingplayadeponiente.com\/#website","url":"https:\/\/www.campingplayadeponiente.com\/","name":"Camping Playa Poniente","description":"El camping Playa de Poniente se encuentra situado en la playa del mismo nombre, a 2 Kms del centro de Motril, centro neur\u00e1lgico de la &quot;Costa Tropical&quot;, disfrutando todo el a\u00f1o de un microclima envidiable que permite la practica de infinidad de actividades y deportes al aire libre, siendo popular por las innumerables rutas abrazadas por un entorno que har\u00e1n proponerse siempre una nueva experiencia. Su cercan\u00eda a Granada permite, tambi\u00e9n, alternar la naturaleza con nuestra historia, viendo multitud de vestigios culturales que, nos dejaran siempre una hermosa huella de nuestro pasado acompa\u00f1ados, por la comarca de &quot;La Alpujarra&quot; t\u00edpica por su entorno rustico y tradicional. Adem\u00e1s podr\u00e1s deleitarte con un sinf\u00edn de platos t\u00edpicos Mediterr\u00e1neos que har\u00e1n las delicias de tu estancia Cualquiera que sea tu afici\u00f3n, tenemos una propuesta que hacerte.  Desc\u00fabrenos","potentialAction":[{"@type":"SearchAction","target":{"@type":"EntryPoint","urlTemplate":"https:\/\/www.campingplayadeponiente.com\/?s={search_term_string}"},"query-input":{"@type":"PropertyValueSpecification","valueRequired":true,"valueName":"search_term_string"}}],"inLanguage":"fr-FR"}]}},"_links":{"self":[{"href":"https:\/\/www.campingplayadeponiente.com\/fr\/wp-json\/wp\/v2\/pages\/331","targetHints":{"allow":["GET"]}}],"collection":[{"href":"https:\/\/www.campingplayadeponiente.com\/fr\/wp-json\/wp\/v2\/pages"}],"about":[{"href":"https:\/\/www.campingplayadeponiente.com\/fr\/wp-json\/wp\/v2\/types\/page"}],"author":[{"embeddable":true,"href":"https:\/\/www.campingplayadeponiente.com\/fr\/wp-json\/wp\/v2\/users\/1"}],"replies":[{"embeddable":true,"href":"https:\/\/www.campingplayadeponiente.com\/fr\/wp-json\/wp\/v2\/comments?post=331"}],"version-history":[{"count":2,"href":"https:\/\/www.campingplayadeponiente.com\/fr\/wp-json\/wp\/v2\/pages\/331\/revisions"}],"predecessor-version":[{"id":647,"href":"https:\/\/www.campingplayadeponiente.com\/fr\/wp-json\/wp\/v2\/pages\/331\/revisions\/647"}],"wp:attachment":[{"href":"https:\/\/www.campingplayadeponiente.com\/fr\/wp-json\/wp\/v2\/media?parent=331"}],"curies":[{"name":"wp","href":"https:\/\/api.w.org\/{rel}","templated":true}]}}